{"id":419,"date":"2024-09-02T12:58:39","date_gmt":"2024-09-02T12:58:39","guid":{"rendered":"https:\/\/fitnessedison.creare-siteweb.ro\/?page_id=419"},"modified":"2024-09-18T07:12:26","modified_gmt":"2024-09-18T07:12:26","slug":"terms-conditions","status":"publish","type":"page","link":"https:\/\/fitnessedison.com\/es\/terms-conditions\/","title":{"rendered":"Terms &amp; conditions"},"content":{"rendered":"<div data-elementor-type=\"wp-page\" data-elementor-id=\"419\" class=\"elementor elementor-419\" data-elementor-post-type=\"page\">\n\t\t\t\t\t\t<section class=\"ob-is-breaking-bad elementor-section elementor-top-section elementor-element elementor-element-fe77eea elementor-section-full_width elementor-section-height-default elementor-section-height-default\" data-id=\"fe77eea\" data-element_type=\"section\" data-settings=\"{&quot;background_background&quot;:&quot;classic&quot;,&quot;_ob_bbad_use_it&quot;:&quot;yes&quot;,&quot;_ob_bbad_sssic_use&quot;:&quot;no&quot;,&quot;_ob_glider_is_slider&quot;:&quot;no&quot;}\">\n\t\t\t\t\t\t\t<div class=\"elementor-background-overlay\"><\/div>\n\t\t\t\t\t\t\t<div class=\"elementor-container elementor-column-gap-default\">\n\t\t\t\t\t<div class=\"elementor-column elementor-col-100 elementor-top-column elementor-element elementor-element-60e94fa\" data-id=\"60e94fa\" data-element_type=\"column\" data-settings=\"{&quot;_ob_bbad_is_stalker&quot;:&quot;no&quot;,&quot;_ob_teleporter_use&quot;:false,&quot;_ob_column_hoveranimator&quot;:&quot;no&quot;,&quot;_ob_column_has_pseudo&quot;:&quot;no&quot;}\">\n\t\t\t<div class=\"elementor-widget-wrap elementor-element-populated\">\n\t\t\t\t\t\t<div class=\"elementor-element elementor-element-21f5777 ob-harakiri-inherit ob-has-background-overlay elementor-widget elementor-widget-heading\" data-id=\"21f5777\" data-element_type=\"widget\" data-settings=\"{&quot;_ob_use_harakiri&quot;:&quot;yes&quot;,&quot;_ob_harakiri_writing_mode&quot;:&quot;inherit&quot;,&quot;_ob_harakiri_text_clip&quot;:&quot;none&quot;,&quot;_ob_perspektive_use&quot;:&quot;no&quot;,&quot;_ob_poopart_use&quot;:&quot;yes&quot;,&quot;_ob_shadough_use&quot;:&quot;no&quot;,&quot;_ob_allow_hoveranimator&quot;:&quot;no&quot;,&quot;_ob_widget_stalker_use&quot;:&quot;no&quot;}\" data-widget_type=\"heading.default\">\n\t\t\t\t<div class=\"elementor-widget-container\">\n\t\t\t<h2 class=\"elementor-heading-title elementor-size-default\"><b>T\u00e9rminos y <span style=\"color:#AD1B1B\">condiciones <\/span><\/b><\/h2>\t\t<\/div>\n\t\t\t\t<\/div>\n\t\t\t\t<div class=\"elementor-element elementor-element-3cbfe5c ob-harakiri-inherit ob-has-background-overlay elementor-widget elementor-widget-text-editor\" data-id=\"3cbfe5c\" data-element_type=\"widget\" data-settings=\"{&quot;_ob_use_harakiri&quot;:&quot;yes&quot;,&quot;_ob_harakiri_writing_mode&quot;:&quot;inherit&quot;,&quot;_ob_postman_use&quot;:&quot;no&quot;,&quot;_ob_perspektive_use&quot;:&quot;no&quot;,&quot;_ob_poopart_use&quot;:&quot;yes&quot;,&quot;_ob_shadough_use&quot;:&quot;no&quot;,&quot;_ob_allow_hoveranimator&quot;:&quot;no&quot;,&quot;_ob_widget_stalker_use&quot;:&quot;no&quot;}\" data-widget_type=\"text-editor.default\">\n\t\t\t\t<div class=\"elementor-widget-container\">\n\t\t\t\t\t\t\t<p>Todos los pagos deben realizarse en su totalidad antes de que se realice cualquier sesi\u00f3n. A continuaci\u00f3n, encontrar\u00e1 los detalles:<\/p><ul><li>Los paquetes caducan 6 semanas a partir de la fecha de compra.<\/li><li>Cancelaci\u00f3n de sesi\u00f3n: se requiere un aviso m\u00ednimo de 24 horas para la cancelaci\u00f3n de su sesi\u00f3n.<br \/>Si no avisa con un m\u00ednimo de 24 horas de anticipaci\u00f3n, puede perder esa sesi\u00f3n y no se otorgar\u00e1 ning\u00fan reembolso.<\/li><\/ul>\t\t\t\t\t\t<\/div>\n\t\t\t\t<\/div>\n\t\t\t\t\t<\/div>\n\t\t<\/div>\n\t\t\t\t\t<\/div>\n\t\t<\/section>\n\t\t\t\t<\/div>","protected":false},"excerpt":{"rendered":"<p>Terms &#038; Conditions All payments must be made in full prior to any sessions being undertaken. Please, find details below: [&hellip;]<\/p>","protected":false},"author":1,"featured_media":0,"parent":0,"menu_order":0,"comment_status":"closed","ping_status":"closed","template":"","meta":{"site-sidebar-layout":"no-sidebar","site-content-layout":"","ast-site-content-layout":"full-width-container","site-content-style":"default","site-sidebar-style":"default","ast-global-header-display":"","ast-banner-title-visibility":"","ast-main-header-display":"","ast-hfb-above-header-display":"","ast-hfb-below-header-display":"","ast-hfb-mobile-header-display":"","site-post-title":"disabled","ast-breadcrumbs-content":"","ast-featured-img":"disabled","footer-sml-layout":"","theme-transparent-header-meta":"","adv-header-id-meta":"","stick-header-meta":"","header-above-stick-meta":"","header-main-stick-meta":"","header-below-stick-meta":"","astra-migrate-meta-layouts":"default","ast-page-background-enabled":"default","ast-page-background-meta":{"desktop":{"background-color":"var(--ast-global-color-4)","background-image":"","background-repeat":"repeat","background-position":"center center","background-size":"auto","background-attachment":"scroll","background-type":"","background-media":"","overlay-type":"","overlay-color":"","overlay-opacity":"","overlay-gradient":""},"tablet":{"background-color":"","background-image":"","background-repeat":"repeat","background-position":"center center","background-size":"auto","background-attachment":"scroll","background-type":"","background-media":"","overlay-type":"","overlay-color":"","overlay-opacity":"","overlay-gradient":""},"mobile":{"background-color":"","background-image":"","background-repeat":"repeat","background-position":"center center","background-size":"auto","background-attachment":"scroll","background-type":"","background-media":"","overlay-type":"","overlay-color":"","overlay-opacity":"","overlay-gradient":""}},"ast-content-background-meta":{"desktop":{"background-color":"var(--ast-global-color-5)","background-image":"","background-repeat":"repeat","background-position":"center center","background-size":"auto","background-attachment":"scroll","background-type":"","background-media":"","overlay-type":"","overlay-color":"","overlay-opacity":"","overlay-gradient":""},"tablet":{"background-color":"var(--ast-global-color-5)","background-image":"","background-repeat":"repeat","background-position":"center center","background-size":"auto","background-attachment":"scroll","background-type":"","background-media":"","overlay-type":"","overlay-color":"","overlay-opacity":"","overlay-gradient":""},"mobile":{"background-color":"var(--ast-global-color-5)","background-image":"","background-repeat":"repeat","background-position":"center center","background-size":"auto","background-attachment":"scroll","background-type":"","background-media":"","overlay-type":"","overlay-color":"","overlay-opacity":"","overlay-gradient":""}},"footnotes":""},"class_list":["post-419","page","type-page","status-publish","hentry"],"yoast_head":"<!-- This site is optimized with the Yoast SEO plugin v23.4 - https:\/\/yoast.com\/wordpress\/plugins\/seo\/ -->\n<title>Terms &amp; conditions - Fitnessedison<\/title>\n<meta name=\"robots\" content=\"index, follow, max-snippet:-1, max-image-preview:large, max-video-preview:-1\" \/>\n<link rel=\"canonical\" href=\"https:\/\/fitnessedison.com\/es\/terms-conditions\/\" \/>\n<meta property=\"og:locale\" content=\"es_ES\" \/>\n<meta property=\"og:type\" content=\"article\" \/>\n<meta property=\"og:title\" content=\"Terms &amp; conditions - Fitnessedison\" \/>\n<meta property=\"og:description\" content=\"Terms &#038; Conditions All payments must be made in full prior to any sessions being undertaken. Please, find details below: [&hellip;]\" \/>\n<meta property=\"og:url\" content=\"https:\/\/fitnessedison.com\/es\/terms-conditions\/\" \/>\n<meta property=\"og:site_name\" content=\"Fitnessedison\" \/>\n<meta property=\"article:modified_time\" content=\"2024-09-18T07:12:26+00:00\" \/>\n<meta name=\"twitter:card\" content=\"summary_large_image\" \/>\n<meta name=\"twitter:label1\" content=\"Tiempo de lectura\" \/>\n\t<meta name=\"twitter:data1\" content=\"1 minuto\" \/>\n<script type=\"application\/ld+json\" class=\"yoast-schema-graph\">{\"@context\":\"https:\/\/schema.org\",\"@graph\":[{\"@type\":\"WebPage\",\"@id\":\"https:\/\/fitnessedison.com\/terms-conditions\/\",\"url\":\"https:\/\/fitnessedison.com\/terms-conditions\/\",\"name\":\"Terms &amp; conditions - Fitnessedison\",\"isPartOf\":{\"@id\":\"https:\/\/fitnessedison.com\/#website\"},\"datePublished\":\"2024-09-02T12:58:39+00:00\",\"dateModified\":\"2024-09-18T07:12:26+00:00\",\"breadcrumb\":{\"@id\":\"https:\/\/fitnessedison.com\/terms-conditions\/#breadcrumb\"},\"inLanguage\":\"es\",\"potentialAction\":[{\"@type\":\"ReadAction\",\"target\":[\"https:\/\/fitnessedison.com\/terms-conditions\/\"]}]},{\"@type\":\"BreadcrumbList\",\"@id\":\"https:\/\/fitnessedison.com\/terms-conditions\/#breadcrumb\",\"itemListElement\":[{\"@type\":\"ListItem\",\"position\":1,\"name\":\"Home\",\"item\":\"https:\/\/fitnessedison.com\/\"},{\"@type\":\"ListItem\",\"position\":2,\"name\":\"Terms &amp; conditions\"}]},{\"@type\":\"WebSite\",\"@id\":\"https:\/\/fitnessedison.com\/#website\",\"url\":\"https:\/\/fitnessedison.com\/\",\"name\":\"Fitnessedison\",\"description\":\"\",\"publisher\":{\"@id\":\"https:\/\/fitnessedison.com\/#organization\"},\"potentialAction\":[{\"@type\":\"SearchAction\",\"target\":{\"@type\":\"EntryPoint\",\"urlTemplate\":\"https:\/\/fitnessedison.com\/?s={search_term_string}\"},\"query-input\":{\"@type\":\"PropertyValueSpecification\",\"valueRequired\":true,\"valueName\":\"search_term_string\"}}],\"inLanguage\":\"es\"},{\"@type\":\"Organization\",\"@id\":\"https:\/\/fitnessedison.com\/#organization\",\"name\":\"Fitnessedison\",\"url\":\"https:\/\/fitnessedison.com\/\",\"logo\":{\"@type\":\"ImageObject\",\"inLanguage\":\"es\",\"@id\":\"https:\/\/fitnessedison.com\/#\/schema\/logo\/image\/\",\"url\":\"https:\/\/fitnessedison.com\/wp-content\/uploads\/2024\/09\/WhatsApp_Image_2024-09-03_at_09.20.33-removebg-preview-1.png\",\"contentUrl\":\"https:\/\/fitnessedison.com\/wp-content\/uploads\/2024\/09\/WhatsApp_Image_2024-09-03_at_09.20.33-removebg-preview-1.png\",\"width\":228,\"height\":260,\"caption\":\"Fitnessedison\"},\"image\":{\"@id\":\"https:\/\/fitnessedison.com\/#\/schema\/logo\/image\/\"}}]}<\/script>\n<!-- \/ Yoast SEO plugin. -->","yoast_head_json":{"title":"Terms &amp; conditions - Fitnessedison","robots":{"index":"index","follow":"follow","max-snippet":"max-snippet:-1","max-image-preview":"max-image-preview:large","max-video-preview":"max-video-preview:-1"},"canonical":"https:\/\/fitnessedison.com\/es\/terms-conditions\/","og_locale":"es_ES","og_type":"article","og_title":"Terms &amp; conditions - Fitnessedison","og_description":"Terms &#038; Conditions All payments must be made in full prior to any sessions being undertaken. Please, find details below: [&hellip;]","og_url":"https:\/\/fitnessedison.com\/es\/terms-conditions\/","og_site_name":"Fitnessedison","article_modified_time":"2024-09-18T07:12:26+00:00","twitter_card":"summary_large_image","twitter_misc":{"Tiempo de lectura":"1 minuto"},"schema":{"@context":"https:\/\/schema.org","@graph":[{"@type":"WebPage","@id":"https:\/\/fitnessedison.com\/terms-conditions\/","url":"https:\/\/fitnessedison.com\/terms-conditions\/","name":"Terms &amp; conditions - Fitnessedison","isPartOf":{"@id":"https:\/\/fitnessedison.com\/#website"},"datePublished":"2024-09-02T12:58:39+00:00","dateModified":"2024-09-18T07:12:26+00:00","breadcrumb":{"@id":"https:\/\/fitnessedison.com\/terms-conditions\/#breadcrumb"},"inLanguage":"es","potentialAction":[{"@type":"ReadAction","target":["https:\/\/fitnessedison.com\/terms-conditions\/"]}]},{"@type":"BreadcrumbList","@id":"https:\/\/fitnessedison.com\/terms-conditions\/#breadcrumb","itemListElement":[{"@type":"ListItem","position":1,"name":"Home","item":"https:\/\/fitnessedison.com\/"},{"@type":"ListItem","position":2,"name":"Terms &amp; conditions"}]},{"@type":"WebSite","@id":"https:\/\/fitnessedison.com\/#website","url":"https:\/\/fitnessedison.com\/","name":"Fitnessedison","description":"","publisher":{"@id":"https:\/\/fitnessedison.com\/#organization"},"potentialAction":[{"@type":"SearchAction","target":{"@type":"EntryPoint","urlTemplate":"https:\/\/fitnessedison.com\/?s={search_term_string}"},"query-input":{"@type":"PropertyValueSpecification","valueRequired":true,"valueName":"search_term_string"}}],"inLanguage":"es"},{"@type":"Organization","@id":"https:\/\/fitnessedison.com\/#organization","name":"Fitnessedison","url":"https:\/\/fitnessedison.com\/","logo":{"@type":"ImageObject","inLanguage":"es","@id":"https:\/\/fitnessedison.com\/#\/schema\/logo\/image\/","url":"https:\/\/fitnessedison.com\/wp-content\/uploads\/2024\/09\/WhatsApp_Image_2024-09-03_at_09.20.33-removebg-preview-1.png","contentUrl":"https:\/\/fitnessedison.com\/wp-content\/uploads\/2024\/09\/WhatsApp_Image_2024-09-03_at_09.20.33-removebg-preview-1.png","width":228,"height":260,"caption":"Fitnessedison"},"image":{"@id":"https:\/\/fitnessedison.com\/#\/schema\/logo\/image\/"}}]}},"_links":{"self":[{"href":"https:\/\/fitnessedison.com\/es\/wp-json\/wp\/v2\/pages\/419","targetHints":{"allow":["GET"]}}],"collection":[{"href":"https:\/\/fitnessedison.com\/es\/wp-json\/wp\/v2\/pages"}],"about":[{"href":"https:\/\/fitnessedison.com\/es\/wp-json\/wp\/v2\/types\/page"}],"author":[{"embeddable":true,"href":"https:\/\/fitnessedison.com\/es\/wp-json\/wp\/v2\/users\/1"}],"replies":[{"embeddable":true,"href":"https:\/\/fitnessedison.com\/es\/wp-json\/wp\/v2\/comments?post=419"}],"version-history":[{"count":28,"href":"https:\/\/fitnessedison.com\/es\/wp-json\/wp\/v2\/pages\/419\/revisions"}],"predecessor-version":[{"id":1215,"href":"https:\/\/fitnessedison.com\/es\/wp-json\/wp\/v2\/pages\/419\/revisions\/1215"}],"wp:attachment":[{"href":"https:\/\/fitnessedison.com\/es\/wp-json\/wp\/v2\/media?parent=419"}],"curies":[{"name":"wp","href":"https:\/\/api.w.org\/{rel}","templated":true}]}}